{"id":33,"date":"2021-02-11T21:08:49","date_gmt":"2021-02-11T20:08:49","guid":{"rendered":"https:\/\/vahrmap.de\/web\/colibri-wp\/"},"modified":"2022-03-09T16:49:55","modified_gmt":"2022-03-09T15:49:55","slug":"colibri-wp","status":"publish","type":"page","link":"https:\/\/vahrmap.de\/web\/","title":{"rendered":"VahrMap-Willkommen"},"content":{"rendered":"<div data-colibri-id=\"33-c1\" class=\"style-193 style-local-33-c1 position-relative\">\n  <!---->\n  <div data-colibri-component=\"section\" data-colibri-id=\"33-c2\" id=\"overlappable\" class=\"h-section h-section-global-spacing d-flex align-items-lg-center align-items-md-center align-items-center style-208 style-local-33-c2 position-relative\">\n    <!---->\n    <!---->\n    <div class=\"h-section-grid-container h-section-boxed-container\">\n      <!---->\n      <div data-colibri-id=\"33-c3\" class=\"h-row-container gutters-row-lg-0 gutters-row-md-0 gutters-row-2 gutters-row-v-lg-0 gutters-row-v-md-0 gutters-row-v-2 style-209 style-local-33-c3 position-relative\">\n        <!---->\n        <div class=\"h-row justify-content-lg-center justify-content-md-center justify-content-center align-items-lg-stretch align-items-md-stretch align-items-stretch gutters-col-lg-0 gutters-col-md-0 gutters-col-2 gutters-col-v-lg-0 gutters-col-v-md-0 gutters-col-v-2\">\n          <!---->\n          <div class=\"h-column h-column-container d-flex h-col-lg-3 h-col-md-3 h-col-12 style-210-outer style-local-33-c4-outer\">\n            <div data-colibri-id=\"33-c4\" class=\"d-flex h-flex-basis h-column__inner h-px-lg-3 h-px-md-3 h-px-2 v-inner-lg-3 v-inner-md-3 v-inner-2 style-210 style-local-33-c4 position-relative\">\n              <!---->\n              <!---->\n              <div class=\"w-100 h-y-container h-column__content h-column__v-align flex-basis-100 align-self-lg-center align-self-md-center align-self-center\">\n                <!---->\n                <div data-colibri-id=\"33-c5\" class=\"h-icon style-211 style-local-33-c5 position-relative h-element\">\n                  <!----><span class=\"h-svg-icon h-icon__icon style-211-icon style-local-33-c5-icon\"><!--Icon by Font Awesome (https:\/\/fontawesome.com)--><svg version=\"1.1\" xmlns=\"http:\/\/www.w3.org\/2000\/svg\" xmlns:xlink=\"http:\/\/www.w3.org\/1999\/xlink\" id=\"star\" viewBox=\"0 0 1664 1896.0833\"><path d=\"M1664 647q0 22-26 48l-363 354 86 500q1 7 1 20 0 21-10.5 35.5T1321 1619q-19 0-40-12l-449-236-449 236q-22 12-40 12-21 0-31.5-14.5T301 1569q0-6 2-20l86-500L25 695Q0 668 0 647q0-37 56-46l502-73L783 73q19-41 49-41t49 41l225 455 502 73q56 9 56 46z\"><\/path><\/svg><\/span><\/div>\n                <div\n                  data-colibri-id=\"33-c6\" class=\"h-global-transition-all h-heading style-212 style-local-33-c6 position-relative h-element\">\n                  <!---->\n                  <div class=\"h-heading__outer style-212 style-local-33-c6\">\n                    <!---->\n                    <!---->\n                    <h5 class=\"\">Anleitung<\/h5>\n                  <\/div>\n              <\/div>\n              <div data-colibri-id=\"33-c7\" class=\"h-text h-text-component style-217 style-local-33-c7 position-relative h-element\">\n                <!---->\n                <!---->\n                <div class=\"\">\n                  <p>Wenn Du neu bist, schaue unbedingt in unserer Anleitung vorbei.<\/p>\n                <\/div>\n              <\/div>\n              <div data-colibri-id=\"33-c8\" class=\"h-x-container style-215 style-local-33-c8 position-relative h-element\">\n                <!---->\n                <div class=\"h-x-container-inner style-dynamic-33-c8-group style-215-spacing style-local-33-c8-spacing\"><span class=\"h-button__outer style-216-outer style-local-33-c9-outer d-inline-flex h-element\"><a h-use-smooth-scroll=\"true\" href=\"https:\/\/vahrmap.de\/web\/anleitung\/\"  data-colibri-id=\"33-c9\" class=\"d-flex w-100 align-items-center h-button justify-content-lg-center justify-content-md-center justify-content-center style-216 style-local-33-c9 position-relative\"><!----><!----> <span>Zur Anleitung<\/span><\/a>\n                  <\/span>\n                <\/div>\n              <\/div>\n            <\/div>\n          <\/div>\n        <\/div>\n        <div class=\"h-column h-column-container d-flex h-col-lg-3 h-col-md-3 h-col-12 style-210-outer style-local-33-c10-outer\">\n          <div data-colibri-id=\"33-c10\" class=\"d-flex h-flex-basis h-column__inner h-px-lg-3 h-px-md-3 h-px-2 v-inner-lg-3 v-inner-md-3 v-inner-2 style-210 style-local-33-c10 position-relative\">\n            <!---->\n            <!---->\n            <div class=\"w-100 h-y-container h-column__content h-column__v-align flex-basis-100 align-self-lg-center align-self-md-center align-self-center\">\n              <!---->\n              <div data-colibri-id=\"33-c11\" class=\"h-icon style-211 style-local-33-c11 position-relative h-element\">\n                <!----><span class=\"h-svg-icon h-icon__icon style-211-icon style-local-33-c11-icon\"><!--Icon by Socicon (http:\/\/www.socicon.com)--><svg version=\"1.1\" xmlns=\"http:\/\/www.w3.org\/2000\/svg\" viewBox=\"0 0 1500 1500\">\n\n<path d=\"M1315.43 348.633c-184.57-137.695-360.352-131.836-360.352-131.836l-17.578 20.508c219.727 64.453 319.336 161.133 319.336 161.133-134.766-70.313-266.602-108.398-386.719-120.117-93.75-11.719-181.641-8.789-260.742 2.93-5.859 0-11.719 0-20.508 2.93-46.875 2.93-155.273 20.508-292.969 79.102-49.805 23.438-76.172 38.086-76.172 38.086s105.469-102.539 336.914-166.992l-14.648-14.648c0 0-175.781-5.859-360.352 131.836 0 0-184.57 333.984-184.57 744.141 0 0 108.398 184.57 392.578 193.359 0 0 49.805-58.594 84.961-105.469-164.063-49.805-222.656-149.414-222.656-149.414s11.719 8.789 35.156 20.508c0 0 2.93 2.93 2.93 2.93 5.859 2.93 8.789 5.859 11.719 8.789 32.227 17.578 64.453 29.297 96.68 41.016 52.734 23.438 114.258 41.016 187.5 55.664 96.68 17.578 210.938 26.367 333.984 2.93 58.594-11.719 120.117-29.297 184.57-55.664 46.875-17.578 96.68-41.016 149.414-76.172 0 0-64.453 102.539-231.445 149.414 38.086 49.805 84.961 105.469 84.961 105.469 284.18-8.789 389.648-193.359 389.648-193.359 2.93-413.086-181.641-747.070-181.641-747.070zM509.766 972.656c-70.313 0-128.906-64.453-128.906-140.625 0-79.102 58.594-140.625 128.906-140.625 73.242 0 131.836 61.523 131.836 140.625 0 76.172-58.594 140.625-131.836 140.625zM978.516 972.656c-70.313 0-128.906-64.453-128.906-140.625 0-79.102 58.594-140.625 128.906-140.625 73.242 0 131.836 61.523 131.836 140.625 0 76.172-58.594 140.625-131.836 140.625z\"><\/path>\n<\/svg>\n<\/span><\/div>\n              <div data-colibri-id=\"33-c12\" class=\"h-global-transition-all h-heading style-212 style-local-33-c12 position-relative h-element\">\n                <!---->\n                <div class=\"h-heading__outer style-212 style-local-33-c12\">\n                  <!---->\n                  <!---->\n                  <h5 class=\"\">Discord<\/h5>\n                <\/div>\n              <\/div>\n              <div data-colibri-id=\"33-c13\" class=\"h-text h-text-component style-213 style-local-33-c13 position-relative h-element\">\n                <!---->\n                <!---->\n                <div class=\"\">\n                  <p>Du hast nur Zugriff zur Map, wenn Du unserem Discordserver beitrittst. \u00dcber diese Plattform erh\u00e4ltst Du auch Benachrichtigungen und wir k\u00f6nnen Dir helfen, wenn Du Hilfe brauchst.<\/p>\n                <\/div>\n              <\/div>\n              <div data-colibri-id=\"33-c14\" class=\"h-x-container style-218 style-local-33-c14 position-relative h-element\">\n                <!---->\n                <div class=\"h-x-container-inner style-dynamic-33-c14-group style-218-spacing style-local-33-c14-spacing\"><span class=\"h-button__outer style-219-outer style-local-33-c15-outer d-inline-flex h-element\"><a h-use-smooth-scroll=\"true\" href=\"https:\/\/vahrmap.de\/discord\/\"  data-colibri-id=\"33-c15\" class=\"d-flex w-100 align-items-center h-button justify-content-lg-center justify-content-md-center justify-content-center style-219 style-local-33-c15 position-relative\"><!----><!----> <span>Zu Discord<\/span><\/a>\n                  <\/span>\n                <\/div>\n              <\/div>\n            <\/div>\n          <\/div>\n        <\/div>\n        <div class=\"h-column h-column-container d-flex h-col-lg-3 h-col-md-3 h-col-12 style-210-outer style-local-33-c16-outer\">\n          <div data-colibri-id=\"33-c16\" class=\"d-flex h-flex-basis h-column__inner h-px-lg-3 h-px-md-3 h-px-2 v-inner-lg-3 v-inner-md-3 v-inner-2 style-210 style-local-33-c16 position-relative\">\n            <!---->\n            <!---->\n            <div class=\"w-100 h-y-container h-column__content h-column__v-align flex-basis-100 align-self-lg-center align-self-md-center align-self-center\">\n              <!---->\n              <div data-colibri-id=\"33-c17\" class=\"h-icon style-211 style-local-33-c17 position-relative h-element\">\n                <!----><span class=\"h-svg-icon h-icon__icon style-211-icon style-local-33-c17-icon\"><!--Icon by Font Awesome (https:\/\/fontawesome.com)--><svg version=\"1.1\" xmlns=\"http:\/\/www.w3.org\/2000\/svg\" xmlns:xlink=\"http:\/\/www.w3.org\/1999\/xlink\" id=\"map-marker\" viewBox=\"0 0 1049.8953 1896.0833\"><path d=\"M768 640q0-106-75-181t-181-75-181 75-75 181 75 181 181 75 181-75 75-181zm256 0q0 109-33 179l-364 774q-16 33-47.5 52t-67.5 19-67.5-19-46.5-52L33 819Q0 749 0 640q0-212 150-362t362-150 362 150 150 362z\"><\/path><\/svg><\/span><\/div>\n              <div\n                data-colibri-id=\"33-c18\" class=\"h-global-transition-all h-heading style-212 style-local-33-c18 position-relative h-element\">\n                <!---->\n                <div class=\"h-heading__outer style-212 style-local-33-c18\">\n                  <!---->\n                  <!---->\n                  <h5 class=\"\">Interaktive Map<\/h5>\n                <\/div>\n            <\/div>\n            <div data-colibri-id=\"33-c19\" class=\"h-text h-text-component style-213 style-local-33-c19 position-relative h-element\">\n              <!---->\n              <!---->\n              <div class=\"\">\n                <p>Neben den Meldungen auf Discord gibt es auch eine interaktive Map.<\/p>\n              <\/div>\n            <\/div>\n            <div data-colibri-id=\"33-c20\" class=\"h-x-container style-220 style-local-33-c20 position-relative h-element\">\n              <!---->\n              <div class=\"h-x-container-inner style-dynamic-33-c20-group style-220-spacing style-local-33-c20-spacing\"><span class=\"h-button__outer style-221-outer style-local-33-c21-outer d-inline-flex h-element\"><a h-use-smooth-scroll=\"true\" href=\"https:\/\/map.vahrmap.de\/\"  data-colibri-id=\"33-c21\" class=\"d-flex w-100 align-items-center h-button justify-content-lg-center justify-content-md-center justify-content-center style-221 style-local-33-c21 position-relative\"><!----><!----> <span>Zur Map<\/span><\/a>\n                <\/span>\n              <\/div>\n            <\/div>\n          <\/div>\n        <\/div>\n      <\/div>\n      <div class=\"h-column h-column-container d-flex h-col-lg-3 h-col-md-3 h-col-12 style-214-outer style-local-33-c22-outer\">\n        <div data-colibri-id=\"33-c22\" class=\"d-flex h-flex-basis h-column__inner h-px-lg-3 h-px-md-3 h-px-2 v-inner-lg-3 v-inner-md-3 v-inner-2 style-214 style-local-33-c22 position-relative\">\n          <!---->\n          <!---->\n          <div class=\"w-100 h-y-container h-column__content h-column__v-align flex-basis-100 align-self-lg-center align-self-md-center align-self-center\">\n            <!---->\n            <div data-colibri-id=\"33-c23\" class=\"h-icon style-211 style-local-33-c23 position-relative h-element\">\n              <!----><span class=\"h-svg-icon h-icon__icon style-211-icon style-local-33-c23-icon\"><!--Icon by Font Awesome (https:\/\/fontawesome.com)--><svg version=\"1.1\" xmlns=\"http:\/\/www.w3.org\/2000\/svg\" xmlns:xlink=\"http:\/\/www.w3.org\/1999\/xlink\" id=\"paypal\" viewBox=\"0 0 1536 1896.0833\"><path d=\"M1519 646q18 84-4 204-87 444-565 444h-44q-25 0-44 16.5t-24 42.5l-4 19-55 346-2 15q-5 26-24.5 42.5T708 1792H457q-21 0-33-15t-9-36q9-56 26.5-168t26.5-168 27-167.5 27-167.5q5-37 43-37h131q133 2 236-21 175-39 287-144 102-95 155-246 24-70 35-133 1-6 2.5-7.5t3.5-1 6 3.5q79 59 98 162zm-172-282q0 107-46 236-80 233-302 315-113 40-252 42 0 1-90 1l-90-1q-100 0-118 96-2 8-85 530-1 10-12 10H57q-22 0-36.5-16.5T9 1538L241 67q5-29 27.5-48T320 0h598q34 0 97.5 13T1127 45q107 41 163.5 123t56.5 196z\"><\/path><\/svg><\/span><\/div>\n            <div\n              data-colibri-id=\"33-c24\" class=\"h-global-transition-all h-heading style-212 style-local-33-c24 position-relative h-element\">\n              <!---->\n              <div class=\"h-heading__outer style-212 style-local-33-c24\">\n                <!---->\n                <!---->\n                <h5 class=\"\">Spenden<\/h5>\n              <\/div>\n          <\/div>\n          <div data-colibri-id=\"33-c25\" class=\"h-text h-text-component style-213 style-local-33-c25 position-relative h-element\">\n            <!---->\n            <!---->\n            <div class=\"\">\n              <p><span style=\"font-weight: 400; font-size: 16px; font-family: &quot;Open Sans&quot;; color: rgb(70, 112, 127);\">Wir sind auf Spenden angewiesen. Wie Du uns unterst\u00fctzen kannst, erf\u00e4hrst Du hier.<\/span><\/p>\n            <\/div>\n          <\/div>\n          <div data-colibri-id=\"33-c26\" class=\"h-x-container style-222 style-local-33-c26 position-relative h-element\">\n            <!---->\n            <div class=\"h-x-container-inner style-dynamic-33-c26-group style-222-spacing style-local-33-c26-spacing\"><span class=\"h-button__outer style-223-outer style-local-33-c27-outer d-inline-flex h-element\"><a h-use-smooth-scroll=\"true\" href=\"https:\/\/vahrmap.de\/web\/spenden\/\"  data-colibri-id=\"33-c27\" class=\"d-flex w-100 align-items-center h-button justify-content-lg-center justify-content-md-center justify-content-center style-223 style-local-33-c27 position-relative\"><!----><!----> <span>Spenden<\/span><\/a>\n              <\/span>\n            <\/div>\n          <\/div>\n        <\/div>\n      <\/div>\n    <\/div>\n    <div class=\"h-column h-column-container d-flex h-col-lg-3 h-col-md-3 h-col-12 style-210-outer style-local-33-c28-outer\">\n      <div data-colibri-id=\"33-c28\" class=\"d-flex h-flex-basis h-column__inner h-px-lg-3 h-px-md-3 h-px-2 v-inner-lg-3 v-inner-md-3 v-inner-2 style-210 style-local-33-c28 position-relative\">\n        <!---->\n        <!---->\n        <div class=\"w-100 h-y-container h-column__content h-column__v-align flex-basis-100 align-self-lg-center align-self-md-center align-self-center\">\n          <!---->\n          <div data-colibri-id=\"33-c29\" class=\"h-icon style-211 style-local-33-c29 position-relative h-element\">\n            <!----><span class=\"h-svg-icon h-icon__icon style-211-icon style-local-33-c29-icon\"><!--Icon by Font Awesome (https:\/\/fontawesome.com)--><svg version=\"1.1\" xmlns=\"http:\/\/www.w3.org\/2000\/svg\" xmlns:xlink=\"http:\/\/www.w3.org\/1999\/xlink\" id=\"map\" viewBox=\"0 0 1792 1896.0833\"><path d=\"M512 0q13 0 22.5 9.5T544 32v1472q0 20-17 28L47 1788q-7 4-15 4-13 0-22.5-9.5T0 1760V288q0-20 17-28L497 4q7-4 15-4zm1248 0q13 0 22.5 9.5T1792 32v1472q0 20-17 28l-480 256q-7 4-15 4-13 0-22.5-9.5t-9.5-22.5V288q0-20 17-28L1745 4q7-4 15-4zM640 0q8 0 14 3l512 256q18 10 18 29v1472q0 13-9.5 22.5t-22.5 9.5q-8 0-14-3l-512-256q-18-10-18-29V32q0-13 9.5-22.5T640 0z\"><\/path><\/svg><\/span><\/div>\n          <div\n            data-colibri-id=\"33-c30\" class=\"h-global-transition-all h-heading style-212 style-local-33-c30 position-relative h-element\">\n            <!---->\n            <div class=\"h-heading__outer style-212 style-local-33-c30\">\n              <!---->\n              <!---->\n              <h5 class=\"\">Scanbereiche<\/h5>\n            <\/div>\n        <\/div>\n        <div data-colibri-id=\"33-c31\" class=\"h-text h-text-component style-217 style-local-33-c31 position-relative h-element\">\n          <!---->\n          <!---->\n          <div class=\"\">\n            <p>Schaue nach, wo \u00fcberall nach Pok\u00e9mon gescannt wird.<\/p>\n          <\/div>\n        <\/div>\n        <div data-colibri-id=\"33-c32\" class=\"h-x-container style-215 style-local-33-c32 position-relative h-element\">\n          <!---->\n          <div class=\"h-x-container-inner style-dynamic-33-c32-group style-215-spacing style-local-33-c32-spacing\"><span class=\"h-button__outer style-216-outer style-local-33-c33-outer d-inline-flex h-element\"><a h-use-smooth-scroll=\"true\" href=\"https:\/\/vahrmap.de\/bereiche\"  data-colibri-id=\"33-c33\" class=\"d-flex w-100 align-items-center h-button justify-content-lg-center justify-content-md-center justify-content-center style-216 style-local-33-c33 position-relative\"><!----><!----> <span>Scanbereiche<\/span><\/a>\n            <\/span>\n          <\/div>\n        <\/div>\n      <\/div>\n    <\/div>\n  <\/div>\n  <div class=\"h-column h-column-container d-flex h-col-lg-3 h-col-md-3 h-col-12 style-366-outer style-local-33-c34-outer\">\n    <div data-colibri-id=\"33-c34\" class=\"d-flex h-flex-basis h-column__inner h-px-lg-2 h-px-md-2 h-px-2 v-inner-lg-2 v-inner-md-2 v-inner-2 style-366 style-local-33-c34 position-relative\">\n      <!---->\n      <!---->\n      <div class=\"w-100 h-y-container h-column__content h-column__v-align flex-basis-100 align-self-lg-center align-self-md-center align-self-center\">\n        <!---->\n        <div data-colibri-id=\"33-c35\" class=\"h-icon style-368 style-local-33-c35 position-relative h-element\">\n          <!----><span class=\"h-svg-icon h-icon__icon style-368-icon style-local-33-c35-icon\"><!--Icon by Font Awesome (https:\/\/fontawesome.com)--><svg version=\"1.1\" xmlns=\"http:\/\/www.w3.org\/2000\/svg\" xmlns:xlink=\"http:\/\/www.w3.org\/1999\/xlink\" id=\"filter\" viewBox=\"0 0 1408 1896.0833\"><path d=\"M1403 295q17 41-14 70L896 858v742q0 42-39 59-13 5-25 5-27 0-45-19l-256-256q-19-19-19-45V858L19 365q-31-29-14-70 17-39 59-39h1280q42 0 59 39z\"><\/path><\/svg><\/span><\/div>\n        <div\n          data-colibri-id=\"33-c36\" class=\"h-global-transition-all h-heading style-369 style-local-33-c36 position-relative h-element\">\n          <!---->\n          <div class=\"h-heading__outer style-369 style-local-33-c36\">\n            <!---->\n            <!---->\n            <h5 class=\"\">ALARM VERWALTUNG<\/h5>\n          <\/div>\n      <\/div>\n      <div data-colibri-id=\"33-c37\" class=\"h-text h-text-component style-373 style-local-33-c37 position-relative h-element\">\n        <!---->\n        <!---->\n        <div class=\"\">\n          <p>Du kannst private Alarme mit vielen verschiedenen Filtern \u00fcber Pok\u00e9mon in deiner N\u00e4he erhalten. Diese Alarme kannst du online bearbeiten.<\/p>\n        <\/div>\n      <\/div>\n      <div data-colibri-id=\"33-c38\" class=\"h-x-container style-376 style-local-33-c38 position-relative h-element\">\n        <!---->\n        <div class=\"h-x-container-inner style-dynamic-33-c38-group style-376-spacing style-local-33-c38-spacing\"><span class=\"h-button__outer style-377-outer style-local-33-c39-outer d-inline-flex h-element\"><a h-use-smooth-scroll=\"true\" href=\"https:\/\/vahrmap.de\/verwalten\/\"  data-colibri-id=\"33-c39\" class=\"d-flex w-100 align-items-center h-button justify-content-lg-center justify-content-md-center justify-content-center style-377 style-local-33-c39 position-relative\"><!----><!----> <span>ZUR VERWALTUNG<\/span><\/a>\n          <\/span>\n        <\/div>\n      <\/div>\n    <\/div>\n  <\/div>\n<\/div>\n<div class=\"h-column h-column-container d-flex h-col-lg-3 h-col-md-3 h-col-12 style-210-outer style-local-33-c40-outer\">\n  <div data-colibri-id=\"33-c40\" class=\"d-flex h-flex-basis h-column__inner h-px-lg-3 h-px-md-3 h-px-2 v-inner-lg-3 v-inner-md-3 v-inner-2 style-210 style-local-33-c40 position-relative\">\n    <!---->\n    <!---->\n    <div class=\"w-100 h-y-container h-column__content h-column__v-align flex-basis-100 align-self-lg-center align-self-md-center align-self-center\">\n      <!---->\n      <div data-colibri-id=\"33-c41\" class=\"h-icon style-211 style-local-33-c41 position-relative h-element\">\n        <!----><span class=\"h-svg-icon h-icon__icon style-211-icon style-local-33-c41-icon\"><!--Icon by Font Awesome (https:\/\/fontawesome.com)--><svg version=\"1.1\" xmlns=\"http:\/\/www.w3.org\/2000\/svg\" xmlns:xlink=\"http:\/\/www.w3.org\/1999\/xlink\" id=\"android\" viewBox=\"0 0 1408 1896.0833\"><path d=\"M493 483q16 0 27.5-11.5T532 444t-11.5-27.5T493 405t-27 11.5-11 27.5 11 27.5 27 11.5zm422 0q16 0 27-11.5t11-27.5-11-27.5-27-11.5-27.5 11.5T876 444t11.5 27.5T915 483zM103 667q42 0 72 30t30 72v430q0 43-29.5 73t-72.5 30-73-30-30-73V769q0-42 30-72t73-30zm1060 19v666q0 46-32 78t-77 32h-75v227q0 43-30 73t-73 30-73-30-30-73v-227H635v227q0 43-30 73t-73 30q-42 0-72-30t-30-73l-1-227h-74q-46 0-78-32t-32-78V686h918zM931 281q107 55 171 153.5t64 215.5H241q0-117 64-215.5T477 281l-71-131q-7-13 5-20 13-6 20 6l72 132q95-42 201-42t201 42l72-132q7-12 20-6 12 7 5 20zm477 488v430q0 43-30 73t-73 30q-42 0-72-30t-30-73V769q0-43 30-72.5t72-29.5q43 0 73 29.5t30 72.5z\"><\/path><\/svg><\/span><\/div>\n      <div\n        data-colibri-id=\"33-c42\" class=\"h-global-transition-all h-heading style-212 style-local-33-c42 position-relative h-element\">\n        <!---->\n        <div class=\"h-heading__outer style-212 style-local-33-c42\">\n          <!---->\n          <!---->\n          <h5 class=\"\">Android App<\/h5>\n        <\/div>\n    <\/div>\n    <div data-colibri-id=\"33-c43\" class=\"h-text h-text-component style-217 style-local-33-c43 position-relative h-element\">\n      <!---->\n      <!---->\n      <div class=\"\">\n        <p>Lade unsere App herunter, die alle Funktionen der interaktiven Karte hat.<\/p>\n      <\/div>\n    <\/div>\n    <div data-colibri-id=\"33-c44\" class=\"h-x-container style-215 style-local-33-c44 position-relative h-element\">\n      <!---->\n      <div class=\"h-x-container-inner style-dynamic-33-c44-group style-215-spacing style-local-33-c44-spacing\"><span class=\"h-button__outer style-216-outer style-local-33-c45-outer d-inline-flex h-element\"><a h-use-smooth-scroll=\"true\" href=\"https:\/\/vahrmap.de\/web\/vahrmap-app\/\"  data-colibri-id=\"33-c45\" class=\"d-flex w-100 align-items-center h-button justify-content-lg-center justify-content-md-center justify-content-center style-216 style-local-33-c45 position-relative\"><!----><!----> <span>Zur App<\/span><\/a>\n        <\/span>\n      <\/div>\n    <\/div>\n  <\/div>\n<\/div>\n<\/div>\n<\/div>\n<\/div>\n<\/div>\n<\/div>\n<\/div>","protected":false},"excerpt":{"rendered":"<p>Anleitung Wenn Du neu bist, schaue unbedingt in unserer Anleitung vorbei. Zur Anleitung Discord Du hast nur Zugriff zur Map, wenn Du unserem Discordserver beitrittst. \u00dcber diese Plattform erh\u00e4ltst Du auch Benachrichtigungen und wir k\u00f6nnen Dir helfen, wenn Du Hilfe brauchst. Zu Discord Interaktive Map Neben den Meldungen auf Discord gibt es auch eine interaktive [&hellip;]<\/p>\n","protected":false},"author":1,"featured_media":0,"parent":0,"menu_order":0,"comment_status":"closed","ping_status":"closed","template":"page-templates\/homepage.php","meta":{"spay_email":"","footnotes":""},"class_list":["post-33","page","type-page","status-publish","hentry"],"_links":{"self":[{"href":"https:\/\/vahrmap.de\/web\/wp-json\/wp\/v2\/pages\/33","targetHints":{"allow":["GET"]}}],"collection":[{"href":"https:\/\/vahrmap.de\/web\/wp-json\/wp\/v2\/pages"}],"about":[{"href":"https:\/\/vahrmap.de\/web\/wp-json\/wp\/v2\/types\/page"}],"author":[{"embeddable":true,"href":"https:\/\/vahrmap.de\/web\/wp-json\/wp\/v2\/users\/1"}],"replies":[{"embeddable":true,"href":"https:\/\/vahrmap.de\/web\/wp-json\/wp\/v2\/comments?post=33"}],"version-history":[{"count":20,"href":"https:\/\/vahrmap.de\/web\/wp-json\/wp\/v2\/pages\/33\/revisions"}],"predecessor-version":[{"id":1002,"href":"https:\/\/vahrmap.de\/web\/wp-json\/wp\/v2\/pages\/33\/revisions\/1002"}],"wp:attachment":[{"href":"https:\/\/vahrmap.de\/web\/wp-json\/wp\/v2\/media?parent=33"}],"curies":[{"name":"wp","href":"https:\/\/api.w.org\/{rel}","templated":true}]}}