{"id":129,"date":"2021-02-11T21:41:40","date_gmt":"2021-02-11T20:41:40","guid":{"rendered":"https:\/\/vahrmap.de\/web\/?page_id=129"},"modified":"2022-02-18T21:46:02","modified_gmt":"2022-02-18T20:46:02","slug":"spenden","status":"publish","type":"page","link":"https:\/\/vahrmap.de\/web\/spenden\/","title":{"rendered":"Spenden"},"content":{"rendered":"<div data-colibri-id=\"129-c1\" class=\"style-244 style-local-129-c1 position-relative\">\n  <!---->\n  <div data-colibri-component=\"section\" data-colibri-id=\"129-c2\" id=\"custom\" class=\"h-section h-section-global-spacing d-flex align-items-lg-center align-items-md-center align-items-center style-251 style-local-129-c2 position-relative\">\n    <!---->\n    <!---->\n    <div class=\"h-section-grid-container h-section-boxed-container\">\n      <!---->\n      <div data-colibri-id=\"129-c3\" class=\"h-row-container gutters-row-lg-2 gutters-row-md-2 gutters-row-0 gutters-row-v-lg-2 gutters-row-v-md-2 gutters-row-v-2 style-254 style-local-129-c3 position-relative\">\n        <!---->\n        <div class=\"h-row justify-content-lg-center justify-content-md-center justify-content-center align-items-lg-stretch align-items-md-stretch align-items-stretch gutters-col-lg-2 gutters-col-md-2 gutters-col-0 gutters-col-v-lg-2 gutters-col-v-md-2 gutters-col-v-2\">\n          <!---->\n          <div class=\"h-column h-column-container d-flex h-col-lg-auto h-col-md-auto h-col-auto style-255-outer style-local-129-c4-outer\">\n            <div data-colibri-id=\"129-c4\" class=\"d-flex h-flex-basis h-column__inner h-px-lg-2 h-px-md-2 h-px-2 v-inner-lg-2 v-inner-md-2 v-inner-2 style-255 style-local-129-c4 position-relative\">\n              <!---->\n              <!---->\n              <div class=\"w-100 h-y-container h-column__content h-column__v-align flex-basis-100 align-self-lg-start align-self-md-start align-self-start\">\n                <!---->\n                <div data-colibri-id=\"129-c5\" class=\"h-text h-text-component style-256 style-local-129-c5 position-relative h-element\">\n                  <!---->\n                  <!---->\n                  <div class=\"\">\n                    <p>Der Betrieb der VahrMap ist mit laufenden Kosten verbunden. Auf diesen wollen wir nicht alleine sitzen bleiben, weshalb wir uns ein Konzept zur Aufteilung der Kosten auf unsere Nutzer*innen \u00fcberlegt haben.<\/p>\n                    <p><strong>Spendenziel und Kostenentstehung<\/strong>\n                      <br>F\u00fcr jeden Monat gibt es ein Spendenziel, welches erreicht werden muss, damit die VahrMap im darauffolgendem Monat kostenlos f\u00fcr alle zug\u00e4nglich bleibt.&nbsp;<span style=\"font-weight: 400; font-size: 16px; font-family: &quot;Open Sans&quot;; color: rgb(70, 112, 127);\">Es ist also erforderlich, dass Ihr gemeinsam das Spendenziel erreicht, damit die VahrMap erhalten bleibt. <br>Wir haben alles daran gesetzt, die laufenden Kosten zu senken. Daher setzen wir vollst\u00e4ndig auf kostenfreie (gr\u00f6\u00dftenteils Open Source) Software sowie auf Software, die von uns entwickelt wurde. Als Folge dessen gilt es nur noch die Serverkosten und die Instandhaltungskosten der Scanger\u00e4te zu decken.<\/span><\/p>\n                    <p><strong>Spendenziel nicht erreicht<\/strong>\n                      <br>Falls das Spendenziel nicht erreicht wird, wird die VahrMap nur f\u00fcr Leute zug\u00e4nglich sein, welche im vorherigen Monat mindestens 2\u20ac gespendet haben. Spendest Du in einem Zeitraum, in dem die VahrMap nicht kostenfrei f\u00fcr alle zug\u00e4nglich\n                      ist, kannst Du die VahrMap f\u00fcr diesen Monat, also bis zum 1. des n\u00e4chsten Monats, sofort wieder nutzen. F\u00fcr alle anderen ist die VahrMap in diesem Monat dann weiterhin nicht zug\u00e4nglich. Auch wenn das Spendenziel erreicht wird, wird\n                      die VahrMap erst im n\u00e4chsten Monat wieder f\u00fcr alle zug\u00e4nglich sein.\n                      <br>Da das Spendenziel erfahrungsgem\u00e4\u00df fast immer erreicht wird, behalten wir uns, von dieser Regelung abzuweichen und die VahrMap zu passenden Anl\u00e4ssen in Monaten, wo diese eigentlich nicht f\u00fcr alle zug\u00e4nglich ist, trotzdem wieder f\u00fcr\n                      alle freizuschalten. Bei Abweichungen handeln wir selbstverst\u00e4ndlich im Sinne unserer Nutzer*innen.<\/p>\n                    <p><strong>\u00dcbersch\u00fcsse<\/strong>\n                      <br>Grunds\u00e4tzlich dient das Spendenziel der Deckung unserer laufenden Kosten. Wird \u00fcber das Spendenziel hinaus gespendet, so verwenden wir die erzielten \u00dcbersch\u00fcsse, um die VahrMap auszubauen und neue Bereiche abzudecken. Demnach wird\n                      auch in diesem Fall im n\u00e4chsten Monat wieder bei 0\u20ac angefangen zu sammeln. Wollt Ihr Euch an der Auswahl der neuen Bereiche beteiligen, so k\u00f6nnt Ihr uns gerne auf Discord kontaktieren. Dabei gilt nat\u00fcrlich grunds\u00e4tzlich, dass Unterst\u00fctzer*innen\n                      ein h\u00f6heres Anrecht auf Mitbestimmung haben.<\/p>\n                    <p>Wir haben lange \u00fcberlegt, wie wir die VahrMap f\u00fcr m\u00f6glichst viele Leute zug\u00e4nglich machen k\u00f6nnen. Habt Ihr jedoch Verbesserungsvorschl\u00e4ge, schreibt uns gerne auf Discord im Kanal #feedback.<\/p>\n                  <\/div>\n                <\/div>\n              <\/div>\n            <\/div>\n          <\/div>\n          <div class=\"h-column h-column-container d-flex h-col-lg-auto h-col-md-auto h-col-auto style-257-outer style-local-129-c6-outer\">\n            <div data-colibri-id=\"129-c6\" class=\"d-flex h-flex-basis h-column__inner h-px-lg-2 h-px-md-2 h-px-2 v-inner-lg-2 v-inner-md-2 v-inner-2 style-257 style-local-129-c6 position-relative\">\n              <!---->\n              <!---->\n              <div class=\"w-100 h-y-container h-column__content h-column__v-align flex-basis-100 align-self-lg-start align-self-md-start align-self-start\">\n                <!---->\n                <div data-colibri-id=\"129-c7\" class=\"h-x-container style-259 style-local-129-c7 position-relative h-element\">\n                  <!---->\n                  <div class=\"h-x-container-inner style-dynamic-129-c7-group style-259-spacing style-local-129-c7-spacing\"><span class=\"h-button__outer style-260-outer style-local-129-c8-outer d-inline-flex h-element\"><a h-use-smooth-scroll=\"true\" href=\"https:\/\/vahrmap.de\/spenden\" target=\"_blank\" data-colibri-id=\"129-c8\" class=\"d-flex w-100 align-items-center h-button justify-content-lg-center justify-content-md-center justify-content-center style-260 style-local-129-c8 position-relative\" rel=\"noopener\"><!----><!----> <span>Spenden<\/span><\/a>\n                    <\/span>\n                  <\/div>\n                <\/div>\n                <div data-colibri-id=\"129-c9\" class=\"h-text h-text-component style-258 style-local-129-c9 position-relative h-element\">\n                  <!---->\n                  <!---->\n                  <div class=\"\">\n                    <p>Wenn Ihr auf diesen Button klickt, werdet Ihr auf PayPal weitergeleitet, wo Ihr Eure Spenden t\u00e4tigen k\u00f6nnt.<\/p>\n                    <p>In den Notizen der Spende solltet Ihr Euren Discordnamen + Discordtag (z.B. Lollaser#0226) schreiben, damit wir Euch einwandfrei zuordnen k\u00f6nnen.<\/p>\n                  <\/div>\n                <\/div>\n              <\/div>\n            <\/div>\n          <\/div>\n        <\/div>\n      <\/div>\n      <div data-colibri-id=\"129-c10\" class=\"h-row-container gutters-row-lg-2 gutters-row-md-2 gutters-row-0 gutters-row-v-lg-2 gutters-row-v-md-2 gutters-row-v-2 style-252 style-local-129-c10 position-relative\">\n        <!---->\n        <div class=\"h-row justify-content-lg-center justify-content-md-center justify-content-center align-items-lg-stretch align-items-md-stretch align-items-stretch gutters-col-lg-2 gutters-col-md-2 gutters-col-0 gutters-col-v-lg-2 gutters-col-v-md-2 gutters-col-v-2\">\n          <!---->\n          <div class=\"h-column h-column-container d-flex h-col-lg-auto h-col-md-auto h-col-auto style-253-outer style-local-129-c11-outer\">\n            <div data-colibri-id=\"129-c11\" class=\"d-flex h-flex-basis h-column__inner h-ui-empty-state-container h-px-lg-2 h-px-md-2 h-px-2 v-inner-lg-2 v-inner-md-2 v-inner-2 style-253 style-local-129-c11 position-relative\">\n              <!---->\n              <!---->\n              <div class=\"w-100 h-y-container h-column__content h-column__v-align flex-basis-100\">\n                <!---->\n              <\/div>\n            <\/div>\n          <\/div>\n        <\/div>\n      <\/div>\n    <\/div>\n  <\/div>\n<\/div>","protected":false},"excerpt":{"rendered":"<p>Der Betrieb der VahrMap ist mit laufenden Kosten verbunden. Auf diesen wollen wir nicht alleine sitzen bleiben, weshalb wir uns ein Konzept zur Aufteilung der Kosten auf unsere Nutzer*innen \u00fcberlegt haben. Spendenziel und Kostenentstehung F\u00fcr jeden Monat gibt es ein Spendenziel, welches erreicht werden muss, damit die VahrMap im darauffolgendem Monat kostenlos f\u00fcr alle zug\u00e4nglich [&hellip;]<\/p>\n","protected":false},"author":1,"featured_media":0,"parent":0,"menu_order":0,"comment_status":"closed","ping_status":"closed","template":"page-templates\/full-width-page.php","meta":{"spay_email":"","footnotes":""},"class_list":["post-129","page","type-page","status-publish","hentry"],"_links":{"self":[{"href":"https:\/\/vahrmap.de\/web\/wp-json\/wp\/v2\/pages\/129","targetHints":{"allow":["GET"]}}],"collection":[{"href":"https:\/\/vahrmap.de\/web\/wp-json\/wp\/v2\/pages"}],"about":[{"href":"https:\/\/vahrmap.de\/web\/wp-json\/wp\/v2\/types\/page"}],"author":[{"embeddable":true,"href":"https:\/\/vahrmap.de\/web\/wp-json\/wp\/v2\/users\/1"}],"replies":[{"embeddable":true,"href":"https:\/\/vahrmap.de\/web\/wp-json\/wp\/v2\/comments?post=129"}],"version-history":[{"count":20,"href":"https:\/\/vahrmap.de\/web\/wp-json\/wp\/v2\/pages\/129\/revisions"}],"predecessor-version":[{"id":918,"href":"https:\/\/vahrmap.de\/web\/wp-json\/wp\/v2\/pages\/129\/revisions\/918"}],"wp:attachment":[{"href":"https:\/\/vahrmap.de\/web\/wp-json\/wp\/v2\/media?parent=129"}],"curies":[{"name":"wp","href":"https:\/\/api.w.org\/{rel}","templated":true}]}}